{"id":1714,"date":"2024-02-08T17:50:08","date_gmt":"2024-02-08T17:50:08","guid":{"rendered":"https:\/\/dsdro.ro\/?page_id=1714"},"modified":"2024-02-12T20:53:45","modified_gmt":"2024-02-12T20:53:45","slug":"organizing-meetings-of-students-of-post-university-programs-with-important-personalities","status":"publish","type":"page","link":"https:\/\/dsdro.ro\/ro\/organizing-meetings-of-students-of-post-university-programs-with-important-personalities\/","title":{"rendered":"ORGANIZAREA DE \u00ceNT\u00c2LNIRI ALE CURSAN\u021aILOR PROGRAMELOR POSTUNIVERSITARE CU PERSONALIT\u0102\u021aI IMPORTANTE"},"content":{"rendered":"<div class=\"fusion-fullwidth fullwidth-box fusion-builder-row-1 fusion-flex-container nonhundred-percent-fullwidth non-hundred-percent-height-scrolling\" style=\"--awb-border-radius-top-left:0px;--awb-border-radius-top-right:0px;--awb-border-radius-bottom-right:0px;--awb-border-radius-bottom-left:0px;--awb-flex-wrap:wrap;\" ><div class=\"fusion-builder-row fusion-row fusion-flex-align-items-flex-start fusion-flex-content-wrap\" style=\"max-width:2288px;margin-left: calc(-4% \/ 2 );margin-right: calc(-4% \/ 2 );\"><div class=\"fusion-layout-column fusion_builder_column fusion-builder-column-0 fusion_builder_column_1_1 1_1 fusion-flex-column\" style=\"--awb-bg-size:cover;--awb-width-large:100%;--awb-margin-top-large:0px;--awb-spacing-right-large:1.92%;--awb-margin-bottom-large:20px;--awb-spacing-left-large:1.92%;--awb-width-medium:100%;--awb-order-medium:0;--awb-spacing-right-medium:1.92%;--awb-spacing-left-medium:1.92%;--awb-width-small:100%;--awb-order-small:0;--awb-spacing-right-small:1.92%;--awb-spacing-left-small:1.92%;\"><div class=\"fusion-column-wrapper fusion-column-has-shadow fusion-flex-justify-content-flex-start fusion-content-layout-column\"><div class=\"fusion-image-element\" style=\"text-align:center;--awb-max-width:1200px;--awb-caption-title-font-family:var(--h2_typography-font-family);--awb-caption-title-font-weight:var(--h2_typography-font-weight);--awb-caption-title-font-style:var(--h2_typography-font-style);--awb-caption-title-size:var(--h2_typography-font-size);--awb-caption-title-transform:var(--h2_typography-text-transform);--awb-caption-title-line-height:var(--h2_typography-line-height);--awb-caption-title-letter-spacing:var(--h2_typography-letter-spacing);\"><span class=\"fusion-imageframe imageframe-none imageframe-1 hover-type-none\"><img decoding=\"async\" width=\"1856\" height=\"740\" title=\"Picture123\" src=\"https:\/\/dsdro.ro\/wp-content\/uploads\/2024\/02\/Picture123.png\" data-orig-src=\"https:\/\/dsdro.ro\/wp-content\/uploads\/2024\/02\/Picture123.png\" alt class=\"lazyload img-responsive wp-image-1869\" srcset=\"data:image\/svg+xml,%3Csvg%20xmlns%3D%27http%3A%2F%2Fwww.w3.org%2F2000%2Fsvg%27%20width%3D%271856%27%20height%3D%27740%27%20viewBox%3D%270%200%201856%20740%27%3E%3Crect%20width%3D%271856%27%20height%3D%27740%27%20fill-opacity%3D%220%22%2F%3E%3C%2Fsvg%3E\" data-srcset=\"https:\/\/dsdro.ro\/wp-content\/uploads\/2024\/02\/Picture123-200x80.png 200w, https:\/\/dsdro.ro\/wp-content\/uploads\/2024\/02\/Picture123-400x159.png 400w, https:\/\/dsdro.ro\/wp-content\/uploads\/2024\/02\/Picture123-600x239.png 600w, https:\/\/dsdro.ro\/wp-content\/uploads\/2024\/02\/Picture123-800x319.png 800w, https:\/\/dsdro.ro\/wp-content\/uploads\/2024\/02\/Picture123-1200x478.png 1200w, https:\/\/dsdro.ro\/wp-content\/uploads\/2024\/02\/Picture123.png 1856w\" data-sizes=\"auto\" data-orig-sizes=\"(max-width: 640px) 100vw, 1856px\" \/><\/span><\/div><\/div><\/div><div class=\"fusion-layout-column fusion_builder_column fusion-builder-column-1 fusion_builder_column_1_5 1_5 fusion-flex-column\" style=\"--awb-bg-size:cover;--awb-width-large:20%;--awb-margin-top-large:0px;--awb-spacing-right-large:9.6%;--awb-margin-bottom-large:20px;--awb-spacing-left-large:9.6%;--awb-width-medium:20%;--awb-order-medium:0;--awb-spacing-right-medium:9.6%;--awb-spacing-left-medium:9.6%;--awb-width-small:100%;--awb-order-small:0;--awb-spacing-right-small:1.92%;--awb-spacing-left-small:1.92%;\"><div class=\"fusion-column-wrapper fusion-column-has-shadow fusion-flex-justify-content-flex-start fusion-content-layout-column\"><\/div><\/div><div class=\"fusion-layout-column fusion_builder_column fusion-builder-column-2 fusion_builder_column_3_5 3_5 fusion-flex-column\" style=\"--awb-bg-size:cover;--awb-width-large:60%;--awb-margin-top-large:0px;--awb-spacing-right-large:3.2%;--awb-margin-bottom-large:20px;--awb-spacing-left-large:3.2%;--awb-width-medium:60%;--awb-order-medium:0;--awb-spacing-right-medium:3.2%;--awb-spacing-left-medium:3.2%;--awb-width-small:100%;--awb-order-small:0;--awb-spacing-right-small:1.92%;--awb-spacing-left-small:1.92%;\"><div class=\"fusion-column-wrapper fusion-column-has-shadow fusion-flex-justify-content-flex-start fusion-content-layout-column\"><div class=\"fusion-text fusion-text-1\"><p><strong>ORGANIZAREA DE \u00ceNT\u00c2LNIRI ALE CURSAN\u021aILOR PROGRAMELOR POSTUNIVERSITARE CU PERSONALIT\u0102\u021aI IMPORTANTE <\/strong><\/p>\n<p class=\" translation-block\">Organizarea de \u00eent\u00e2lniri ale cursan\u021bilor de la programele postuniversitare ale Facult\u0103\u021bii de Psihologie \u0219i \u0218tiin\u021bele Educa\u021biei \/Universitatea din Bucure\u0219ti - \u201dPsihologie aplicat\u0103 \u00een diploma\u021bie \u0219i rela\u021bii interna\u021bionale \u201d, respectiv \u201dLeadership \u0219i competen\u021be manageriale\u201dcu somit\u0103\u021bi din diferite domenii,a intrat deja \u00een tradi\u021bie, pentru Asocia\u021bia Diplomacy, Security and Defence Research Organization.<\/p>\n<p>Astfel de \u00eent\u00e2lniri, cu personalit\u0103\u021bi importante din diploma\u021bie, mediul de afaceri, zona de securitate na\u021bional\u0103 etc. (ambasadori, oameni de afaceri de prestigiu, militari de rang \u00eenalt etc.) contribuie la un transfer rapid \u0219i pl\u0103cut de cuno\u0219tin\u021be \u0219i experien\u021be, c\u0103tre cursan\u021bi, \u00eenlesnindu-le drumul spre performan\u021b\u0103 \u0219i succes profesional, pe de o parte, dar \u0219i deschiz\u00e2ndu-le noi orizonturi de cunoa\u0219tere cu privire la realitatea interna\u021bional\u0103, mediul de afaceri, pe de alt\u0103 parte.<\/p>\n<p>Cei interesa\u021bi de aceste programe postuniversitare pot consulta pagina web a Facult\u0103\u021bii de Psihologie \u0219i \u0218tiin\u021bele Educa\u021biei \/Universitatea din Bucure\u0219ti  LINK: <a href=\"https:\/\/fpse.unibuc.ro\/studii-postuniversitare\/\">https:\/\/fpse.unibuc.ro\/studii-postuniversitare\/<\/a> and <a href=\"https:\/\/fpse.unibuc.ro\/wp-content\/uploads\/Postuniversitary\/220523\/ANUNT%20ADMITERE%20CPU%202023.pdf\">https:\/\/fpse.unibuc.ro\/wp-content\/uploads\/Postuniversitary\/220523\/ANUNT%20ADMITERE%20CPU%202023.pdf<\/a><\/p>\n<p>Courses are held Romanian.<\/p>\n<p>We are waiting for you at our courses!<\/p>\n<\/div><\/div><\/div><div class=\"fusion-layout-column fusion_builder_column fusion-builder-column-3 fusion_builder_column_1_5 1_5 fusion-flex-column\" style=\"--awb-bg-size:cover;--awb-width-large:20%;--awb-margin-top-large:0px;--awb-spacing-right-large:9.6%;--awb-margin-bottom-large:20px;--awb-spacing-left-large:9.6%;--awb-width-medium:20%;--awb-order-medium:0;--awb-spacing-right-medium:9.6%;--awb-spacing-left-medium:9.6%;--awb-width-small:100%;--awb-order-small:0;--awb-spacing-right-small:1.92%;--awb-spacing-left-small:1.92%;\"><div class=\"fusion-column-wrapper fusion-column-has-shadow fusion-flex-justify-content-flex-start fusion-content-layout-column\"><\/div><\/div><\/div><\/div>","protected":false},"excerpt":{"rendered":"","protected":false},"author":1,"featured_media":0,"parent":0,"menu_order":0,"comment_status":"closed","ping_status":"closed","template":"","meta":{"footnotes":""},"class_list":["post-1714","page","type-page","status-publish","hentry"],"yoast_head":"<!-- This site is optimized with the Yoast SEO plugin v22.2 - https:\/\/yoast.com\/wordpress\/plugins\/seo\/ -->\n<title>ORGANIZING MEETINGS OF STUDENTS OF POST-UNIVERSITY PROGRAMS WITH IMPORTANT PERSONALITIES - DSDRO<\/title>\n<meta name=\"robots\" content=\"index, follow, max-snippet:-1, max-image-preview:large, max-video-preview:-1\" \/>\n<link rel=\"canonical\" href=\"https:\/\/dsdro.ro\/ro\/organizing-meetings-of-students-of-post-university-programs-with-important-personalities\/\" \/>\n<meta property=\"og:locale\" content=\"ro_RO\" \/>\n<meta property=\"og:type\" content=\"article\" \/>\n<meta property=\"og:title\" content=\"ORGANIZING MEETINGS OF STUDENTS OF POST-UNIVERSITY PROGRAMS WITH IMPORTANT PERSONALITIES - DSDRO\" \/>\n<meta property=\"og:url\" content=\"https:\/\/dsdro.ro\/ro\/organizing-meetings-of-students-of-post-university-programs-with-important-personalities\/\" \/>\n<meta property=\"og:site_name\" content=\"DSDRO\" \/>\n<meta property=\"article:publisher\" content=\"https:\/\/www.facebook.com\/asociatiadsdro\/?ref=page_internal\" \/>\n<meta property=\"article:modified_time\" content=\"2024-02-12T20:53:45+00:00\" \/>\n<meta name=\"twitter:card\" content=\"summary_large_image\" \/>\n<meta name=\"twitter:label1\" content=\"Timp estimat pentru citire\" \/>\n\t<meta name=\"twitter:data1\" content=\"4 minute\" \/>\n<script type=\"application\/ld+json\" class=\"yoast-schema-graph\">{\"@context\":\"https:\/\/schema.org\",\"@graph\":[{\"@type\":\"WebPage\",\"@id\":\"https:\/\/dsdro.ro\/organizing-meetings-of-students-of-post-university-programs-with-important-personalities\/\",\"url\":\"https:\/\/dsdro.ro\/organizing-meetings-of-students-of-post-university-programs-with-important-personalities\/\",\"name\":\"ORGANIZING MEETINGS OF STUDENTS OF POST-UNIVERSITY PROGRAMS WITH IMPORTANT PERSONALITIES - DSDRO\",\"isPartOf\":{\"@id\":\"https:\/\/dsdro.ro\/#website\"},\"datePublished\":\"2024-02-08T17:50:08+00:00\",\"dateModified\":\"2024-02-12T20:53:45+00:00\",\"breadcrumb\":{\"@id\":\"https:\/\/dsdro.ro\/organizing-meetings-of-students-of-post-university-programs-with-important-personalities\/#breadcrumb\"},\"inLanguage\":\"ro-RO\",\"potentialAction\":[{\"@type\":\"ReadAction\",\"target\":[\"https:\/\/dsdro.ro\/organizing-meetings-of-students-of-post-university-programs-with-important-personalities\/\"]}]},{\"@type\":\"BreadcrumbList\",\"@id\":\"https:\/\/dsdro.ro\/organizing-meetings-of-students-of-post-university-programs-with-important-personalities\/#breadcrumb\",\"itemListElement\":[{\"@type\":\"ListItem\",\"position\":1,\"name\":\"Home\",\"item\":\"https:\/\/dsdro.ro\/\"},{\"@type\":\"ListItem\",\"position\":2,\"name\":\"ORGANIZING MEETINGS OF STUDENTS OF POST-UNIVERSITY PROGRAMS WITH IMPORTANT PERSONALITIES\"}]},{\"@type\":\"WebSite\",\"@id\":\"https:\/\/dsdro.ro\/#website\",\"url\":\"https:\/\/dsdro.ro\/\",\"name\":\"DSDRO\",\"description\":\"DIPLOMACY, SECURITY AND DEFENCE RESEARCH ORGANIZATION\",\"publisher\":{\"@id\":\"https:\/\/dsdro.ro\/#organization\"},\"potentialAction\":[{\"@type\":\"SearchAction\",\"target\":{\"@type\":\"EntryPoint\",\"urlTemplate\":\"https:\/\/dsdro.ro\/?s={search_term_string}\"},\"query-input\":\"required name=search_term_string\"}],\"inLanguage\":\"ro-RO\"},{\"@type\":\"Organization\",\"@id\":\"https:\/\/dsdro.ro\/#organization\",\"name\":\"DIPLOMACY, SECURITY AND DEFENCE RESEARCH ORGANIZATION\",\"url\":\"https:\/\/dsdro.ro\/\",\"logo\":{\"@type\":\"ImageObject\",\"inLanguage\":\"ro-RO\",\"@id\":\"https:\/\/dsdro.ro\/#\/schema\/logo\/image\/\",\"url\":\"https:\/\/dsdro.ro\/wp-content\/uploads\/2022\/04\/WhatsApp_Image_2022-04-21_at_11.55.58_AM-removebg-preview-e1650628783693.png\",\"contentUrl\":\"https:\/\/dsdro.ro\/wp-content\/uploads\/2022\/04\/WhatsApp_Image_2022-04-21_at_11.55.58_AM-removebg-preview-e1650628783693.png\",\"width\":75,\"height\":75,\"caption\":\"DIPLOMACY, SECURITY AND DEFENCE RESEARCH ORGANIZATION\"},\"image\":{\"@id\":\"https:\/\/dsdro.ro\/#\/schema\/logo\/image\/\"},\"sameAs\":[\"https:\/\/www.facebook.com\/asociatiadsdro\/?ref=page_internal\"]}]}<\/script>\n<!-- \/ Yoast SEO plugin. -->","yoast_head_json":{"title":"ORGANIZING MEETINGS OF STUDENTS OF POST-UNIVERSITY PROGRAMS WITH IMPORTANT PERSONALITIES - DSDRO","robots":{"index":"index","follow":"follow","max-snippet":"max-snippet:-1","max-image-preview":"max-image-preview:large","max-video-preview":"max-video-preview:-1"},"canonical":"https:\/\/dsdro.ro\/ro\/organizing-meetings-of-students-of-post-university-programs-with-important-personalities\/","og_locale":"ro_RO","og_type":"article","og_title":"ORGANIZING MEETINGS OF STUDENTS OF POST-UNIVERSITY PROGRAMS WITH IMPORTANT PERSONALITIES - DSDRO","og_url":"https:\/\/dsdro.ro\/ro\/organizing-meetings-of-students-of-post-university-programs-with-important-personalities\/","og_site_name":"DSDRO","article_publisher":"https:\/\/www.facebook.com\/asociatiadsdro\/?ref=page_internal","article_modified_time":"2024-02-12T20:53:45+00:00","twitter_card":"summary_large_image","twitter_misc":{"Timp estimat pentru citire":"4 minute"},"schema":{"@context":"https:\/\/schema.org","@graph":[{"@type":"WebPage","@id":"https:\/\/dsdro.ro\/organizing-meetings-of-students-of-post-university-programs-with-important-personalities\/","url":"https:\/\/dsdro.ro\/organizing-meetings-of-students-of-post-university-programs-with-important-personalities\/","name":"ORGANIZING MEETINGS OF STUDENTS OF POST-UNIVERSITY PROGRAMS WITH IMPORTANT PERSONALITIES - DSDRO","isPartOf":{"@id":"https:\/\/dsdro.ro\/#website"},"datePublished":"2024-02-08T17:50:08+00:00","dateModified":"2024-02-12T20:53:45+00:00","breadcrumb":{"@id":"https:\/\/dsdro.ro\/organizing-meetings-of-students-of-post-university-programs-with-important-personalities\/#breadcrumb"},"inLanguage":"ro-RO","potentialAction":[{"@type":"ReadAction","target":["https:\/\/dsdro.ro\/organizing-meetings-of-students-of-post-university-programs-with-important-personalities\/"]}]},{"@type":"BreadcrumbList","@id":"https:\/\/dsdro.ro\/organizing-meetings-of-students-of-post-university-programs-with-important-personalities\/#breadcrumb","itemListElement":[{"@type":"ListItem","position":1,"name":"Home","item":"https:\/\/dsdro.ro\/"},{"@type":"ListItem","position":2,"name":"ORGANIZING MEETINGS OF STUDENTS OF POST-UNIVERSITY PROGRAMS WITH IMPORTANT PERSONALITIES"}]},{"@type":"WebSite","@id":"https:\/\/dsdro.ro\/#website","url":"https:\/\/dsdro.ro\/","name":"DSDRO","description":"DIPLOMACY, SECURITY AND DEFENCE RESEARCH ORGANIZATION","publisher":{"@id":"https:\/\/dsdro.ro\/#organization"},"potentialAction":[{"@type":"SearchAction","target":{"@type":"EntryPoint","urlTemplate":"https:\/\/dsdro.ro\/?s={search_term_string}"},"query-input":"required name=search_term_string"}],"inLanguage":"ro-RO"},{"@type":"Organization","@id":"https:\/\/dsdro.ro\/#organization","name":"DIPLOMACY, SECURITY AND DEFENCE RESEARCH ORGANIZATION","url":"https:\/\/dsdro.ro\/","logo":{"@type":"ImageObject","inLanguage":"ro-RO","@id":"https:\/\/dsdro.ro\/#\/schema\/logo\/image\/","url":"https:\/\/dsdro.ro\/wp-content\/uploads\/2022\/04\/WhatsApp_Image_2022-04-21_at_11.55.58_AM-removebg-preview-e1650628783693.png","contentUrl":"https:\/\/dsdro.ro\/wp-content\/uploads\/2022\/04\/WhatsApp_Image_2022-04-21_at_11.55.58_AM-removebg-preview-e1650628783693.png","width":75,"height":75,"caption":"DIPLOMACY, SECURITY AND DEFENCE RESEARCH ORGANIZATION"},"image":{"@id":"https:\/\/dsdro.ro\/#\/schema\/logo\/image\/"},"sameAs":["https:\/\/www.facebook.com\/asociatiadsdro\/?ref=page_internal"]}]}},"_links":{"self":[{"href":"https:\/\/dsdro.ro\/ro\/wp-json\/wp\/v2\/pages\/1714","targetHints":{"allow":["GET"]}}],"collection":[{"href":"https:\/\/dsdro.ro\/ro\/wp-json\/wp\/v2\/pages"}],"about":[{"href":"https:\/\/dsdro.ro\/ro\/wp-json\/wp\/v2\/types\/page"}],"author":[{"embeddable":true,"href":"https:\/\/dsdro.ro\/ro\/wp-json\/wp\/v2\/users\/1"}],"replies":[{"embeddable":true,"href":"https:\/\/dsdro.ro\/ro\/wp-json\/wp\/v2\/comments?post=1714"}],"version-history":[{"count":8,"href":"https:\/\/dsdro.ro\/ro\/wp-json\/wp\/v2\/pages\/1714\/revisions"}],"predecessor-version":[{"id":1874,"href":"https:\/\/dsdro.ro\/ro\/wp-json\/wp\/v2\/pages\/1714\/revisions\/1874"}],"wp:attachment":[{"href":"https:\/\/dsdro.ro\/ro\/wp-json\/wp\/v2\/media?parent=1714"}],"curies":[{"name":"wp","href":"https:\/\/api.w.org\/{rel}","templated":true}]}}