{"id":126,"date":"2022-04-23T07:10:53","date_gmt":"2022-04-23T07:10:53","guid":{"rendered":"https:\/\/dsdro.ro\/?page_id=126"},"modified":"2024-02-08T17:44:04","modified_gmt":"2024-02-08T17:44:04","slug":"donation","status":"publish","type":"page","link":"https:\/\/dsdro.ro\/ro\/donation\/","title":{"rendered":"Redirec. 3,5%\/Doneaza"},"content":{"rendered":"<div class=\"fusion-fullwidth fullwidth-box fusion-builder-row-1 fusion-flex-container nonhundred-percent-fullwidth non-hundred-percent-height-scrolling\" style=\"--awb-border-radius-top-left:0px;--awb-border-radius-top-right:0px;--awb-border-radius-bottom-right:0px;--awb-border-radius-bottom-left:0px;--awb-flex-wrap:wrap;\" ><div class=\"fusion-builder-row fusion-row fusion-flex-align-items-center fusion-flex-justify-content-space-evenly fusion-flex-content-wrap\" style=\"max-width:2288px;margin-left: calc(-4% \/ 2 );margin-right: calc(-4% \/ 2 );\"><div class=\"fusion-layout-column fusion_builder_column fusion-builder-column-0 fusion_builder_column_1_1 1_1 fusion-flex-column\" style=\"--awb-bg-size:cover;--awb-width-large:100%;--awb-margin-top-large:0px;--awb-spacing-right-large:1.92%;--awb-margin-bottom-large:20px;--awb-spacing-left-large:1.92%;--awb-width-medium:100%;--awb-order-medium:0;--awb-spacing-right-medium:1.92%;--awb-spacing-left-medium:1.92%;--awb-width-small:100%;--awb-order-small:0;--awb-spacing-right-small:1.92%;--awb-spacing-left-small:1.92%;\"><div class=\"fusion-column-wrapper fusion-column-has-shadow fusion-flex-justify-content-flex-start fusion-content-layout-column\"><div class=\"fusion-title title fusion-title-1 fusion-sep-none fusion-title-center fusion-title-text fusion-title-size-one\"><h1 class=\"fusion-title-heading title-heading-center\" style=\"margin:0;\"><h3 style=\"text-align: center;\"><strong>REDIREC\u021aIONEAZ\u0102 3,5% DIN IMPOZITUL PE ANUL PRECEDENT C\u0102TRE DSD RO<\/strong><\/h3>\n<p style=\"text-align: center;\">(numai pentru cet\u0103\u021benii care pl\u0103tesc impozit pe venit c\u0103tre Statul rom\u00e2n)<\/p><\/h1><\/div><div class=\"fusion-builder-row fusion-builder-row-inner fusion-row fusion-flex-align-items-center fusion-flex-justify-content-space-evenly fusion-flex-content-wrap\" style=\"width:104% !important;max-width:104% !important;margin-left: calc(-4% \/ 2 );margin-right: calc(-4% \/ 2 );\"><div class=\"fusion-layout-column fusion_builder_column_inner fusion-builder-nested-column-0 fusion_builder_column_inner_1_3 1_3 fusion-flex-column\" style=\"--awb-bg-size:cover;--awb-width-large:33.333333333333%;--awb-margin-top-large:0px;--awb-spacing-right-large:5.76%;--awb-margin-bottom-large:20px;--awb-spacing-left-large:5.76%;--awb-width-medium:33.333333333333%;--awb-order-medium:0;--awb-spacing-right-medium:5.76%;--awb-spacing-left-medium:5.76%;--awb-width-small:100%;--awb-order-small:0;--awb-spacing-right-small:1.92%;--awb-spacing-left-small:1.92%;\"><div class=\"fusion-column-wrapper fusion-column-has-shadow fusion-flex-justify-content-flex-start fusion-content-layout-column\"><\/div><\/div><div class=\"fusion-layout-column fusion_builder_column_inner fusion-builder-nested-column-1 fusion_builder_column_inner_1_3 1_3 fusion-flex-column\" style=\"--awb-bg-size:cover;--awb-width-large:33.333333333333%;--awb-margin-top-large:0px;--awb-spacing-right-large:5.76%;--awb-margin-bottom-large:20px;--awb-spacing-left-large:5.76%;--awb-width-medium:33.333333333333%;--awb-order-medium:0;--awb-spacing-right-medium:5.76%;--awb-spacing-left-medium:5.76%;--awb-width-small:100%;--awb-order-small:0;--awb-spacing-right-small:1.92%;--awb-spacing-left-small:1.92%;\"><div class=\"fusion-column-wrapper fusion-column-has-shadow fusion-flex-justify-content-flex-start fusion-content-layout-column\"><div style=\"text-align:center;\"><a class=\"fusion-button button-flat button-medium button-custom fusion-button-default button-1 fusion-button-default-span fusion-has-button-gradient\" style=\"--button_accent_color:#000000;--button_accent_hover_color:#577810;--button_border_hover_color:#577810;--button_gradient_top_color:#afd65a;--button_gradient_bottom_color:#cce890;--button_gradient_top_color_hover:#aad75b;--button_gradient_bottom_color_hover:#aad75b;--button_text_transform:none;\" target=\"_self\" href=\"https:\/\/dsdro.ro\/wp-content\/uploads\/2024\/01\/FORMULAR-230.pdf\"><span class=\"fusion-button-text\">DESCARC\u0102 FORMULARUL<\/span><\/a><\/div><\/div><\/div><div class=\"fusion-layout-column fusion_builder_column_inner fusion-builder-nested-column-2 fusion_builder_column_inner_1_3 1_3 fusion-flex-column\" style=\"--awb-bg-size:cover;--awb-width-large:33.333333333333%;--awb-margin-top-large:0px;--awb-spacing-right-large:5.76%;--awb-margin-bottom-large:20px;--awb-spacing-left-large:5.76%;--awb-width-medium:33.333333333333%;--awb-order-medium:0;--awb-spacing-right-medium:5.76%;--awb-spacing-left-medium:5.76%;--awb-width-small:100%;--awb-order-small:0;--awb-spacing-right-small:1.92%;--awb-spacing-left-small:1.92%;\"><div class=\"fusion-column-wrapper fusion-column-has-shadow fusion-flex-justify-content-flex-start fusion-content-layout-column\"><\/div><\/div><\/div><\/div><\/div><div class=\"fusion-layout-column fusion_builder_column fusion-builder-column-1 fusion_builder_column_1_1 1_1 fusion-flex-column\" style=\"--awb-bg-size:cover;--awb-width-large:100%;--awb-margin-top-large:0px;--awb-spacing-right-large:1.92%;--awb-margin-bottom-large:20px;--awb-spacing-left-large:1.92%;--awb-width-medium:100%;--awb-order-medium:0;--awb-spacing-right-medium:1.92%;--awb-spacing-left-medium:1.92%;--awb-width-small:100%;--awb-order-small:0;--awb-spacing-right-small:1.92%;--awb-spacing-left-small:1.92%;\"><div class=\"fusion-column-wrapper fusion-column-has-shadow fusion-flex-justify-content-flex-start fusion-content-layout-column\"><div class=\"fusion-text fusion-text-1\"><h3 class=\"has-text-align-center\" style=\"text-align: center;\">DUP\u0102 COMPLETAREA DATELOR DUMNEAVOASTR\u0102 PERSONALE, TRIMITETI<\/h3>\n<\/div><div class=\"fusion-text fusion-text-2\"><h3 class=\"has-text-align-center\" style=\"text-align: center;\">PE MAIL: <a href=\"mailto:dsdro@protonmail.com\">dsdro@protonmail.com<\/a><\/h3>\n<\/div><div class=\"fusion-text fusion-text-3\"><h3 class=\"has-text-align-center\" style=\"text-align: center;\"><strong>Apreciem foarte mult suportul t\u0103u.<\/strong><\/h3>\n<h3 class=\"has-text-align-center\" style=\"text-align: center;\"><strong><span class=\"has-inline-color\">Mul\u021bumim foarte mult!<\/span><\/strong><\/h3>\n<\/div><\/div><\/div><div class=\"fusion-layout-column fusion_builder_column fusion-builder-column-2 fusion_builder_column_1_2 1_2 fusion-flex-column\" style=\"--awb-bg-size:cover;--awb-width-large:50%;--awb-margin-top-large:0px;--awb-spacing-right-large:3.84%;--awb-margin-bottom-large:20px;--awb-spacing-left-large:3.84%;--awb-width-medium:50%;--awb-order-medium:0;--awb-spacing-right-medium:3.84%;--awb-spacing-left-medium:3.84%;--awb-width-small:100%;--awb-order-small:0;--awb-spacing-right-small:1.92%;--awb-spacing-left-small:1.92%;\"><div class=\"fusion-column-wrapper fusion-column-has-shadow fusion-flex-justify-content-flex-start fusion-content-layout-column\"><div class=\"fusion-image-element\" style=\"text-align:center;--awb-max-width:400px;--awb-caption-title-font-family:var(--h2_typography-font-family);--awb-caption-title-font-weight:var(--h2_typography-font-weight);--awb-caption-title-font-style:var(--h2_typography-font-style);--awb-caption-title-size:var(--h2_typography-font-size);--awb-caption-title-transform:var(--h2_typography-text-transform);--awb-caption-title-line-height:var(--h2_typography-line-height);--awb-caption-title-letter-spacing:var(--h2_typography-letter-spacing);\"><span class=\"fusion-imageframe imageframe-none imageframe-1 hover-type-none\"><img decoding=\"async\" width=\"500\" height=\"500\" alt=\"logo\" title=\"logo\" src=\"https:\/\/dsdro.ro\/wp-content\/uploads\/2022\/04\/WhatsApp_Image_2022-04-21_at_11.55.58_AM-removebg-preview-1.png\" data-orig-src=\"https:\/\/dsdro.ro\/wp-content\/uploads\/2022\/04\/WhatsApp_Image_2022-04-21_at_11.55.58_AM-removebg-preview-1.png\" class=\"lazyload img-responsive wp-image-128\" srcset=\"data:image\/svg+xml,%3Csvg%20xmlns%3D%27http%3A%2F%2Fwww.w3.org%2F2000%2Fsvg%27%20width%3D%27500%27%20height%3D%27500%27%20viewBox%3D%270%200%20500%20500%27%3E%3Crect%20width%3D%27500%27%20height%3D%27500%27%20fill-opacity%3D%220%22%2F%3E%3C%2Fsvg%3E\" data-srcset=\"https:\/\/dsdro.ro\/wp-content\/uploads\/2022\/04\/WhatsApp_Image_2022-04-21_at_11.55.58_AM-removebg-preview-1-200x200.png 200w, https:\/\/dsdro.ro\/wp-content\/uploads\/2022\/04\/WhatsApp_Image_2022-04-21_at_11.55.58_AM-removebg-preview-1-400x400.png 400w, https:\/\/dsdro.ro\/wp-content\/uploads\/2022\/04\/WhatsApp_Image_2022-04-21_at_11.55.58_AM-removebg-preview-1.png 500w\" data-sizes=\"auto\" data-orig-sizes=\"(max-width: 640px) 100vw, 500px\" \/><\/span><\/div><\/div><\/div><div class=\"fusion-layout-column fusion_builder_column fusion-builder-column-3 fusion_builder_column_1_2 1_2 fusion-flex-column\" style=\"--awb-bg-size:cover;--awb-width-large:50%;--awb-margin-top-large:0px;--awb-spacing-right-large:3.84%;--awb-margin-bottom-large:20px;--awb-spacing-left-large:3.84%;--awb-width-medium:50%;--awb-order-medium:0;--awb-spacing-right-medium:3.84%;--awb-spacing-left-medium:3.84%;--awb-width-small:100%;--awb-order-small:0;--awb-spacing-right-small:1.92%;--awb-spacing-left-small:1.92%;\"><div class=\"fusion-column-wrapper fusion-column-has-shadow fusion-flex-justify-content-flex-start fusion-content-layout-column\"><div class=\"fusion-text fusion-text-4\"><h3><strong>PUTE\u021aI DONA PENTRU DSD RO \u00ceN ACESTE CONTURI:<\/strong><\/h3>\n<h3><strong>Diplomacy, Security and Defence Research Organization,<\/strong><\/h3>\n<h3><strong>Banca Transilvania, SWIFT BTRLRO22<\/strong><\/h3>\n<h3><strong>IBAN RON: RO12BTRLRONCRT0578709201<\/strong><\/h3>\n<h3><strong>IBAN EUR: RO59BTRLEURCRT0578709201<\/strong><\/h3>\n<h3><strong>IBAN USD: RO63BTRLUSDCRT0578709201<\/strong><\/h3>\n<\/div><\/div><\/div><\/div><\/div>","protected":false},"excerpt":{"rendered":"","protected":false},"author":1,"featured_media":0,"parent":0,"menu_order":0,"comment_status":"closed","ping_status":"closed","template":"","meta":{"footnotes":""},"class_list":["post-126","page","type-page","status-publish","hentry"],"yoast_head":"<!-- This site is optimized with the Yoast SEO plugin v22.2 - https:\/\/yoast.com\/wordpress\/plugins\/seo\/ -->\n<title>Redirec. 3,5%\/Donate - DSDRO<\/title>\n<meta name=\"robots\" content=\"index, follow, max-snippet:-1, max-image-preview:large, max-video-preview:-1\" \/>\n<link rel=\"canonical\" href=\"https:\/\/dsdro.ro\/ro\/donation\/\" \/>\n<meta property=\"og:locale\" content=\"ro_RO\" \/>\n<meta property=\"og:type\" content=\"article\" \/>\n<meta property=\"og:title\" content=\"Redirec. 3,5%\/Donate - DSDRO\" \/>\n<meta property=\"og:url\" content=\"https:\/\/dsdro.ro\/ro\/donation\/\" \/>\n<meta property=\"og:site_name\" content=\"DSDRO\" \/>\n<meta property=\"article:publisher\" content=\"https:\/\/www.facebook.com\/asociatiadsdro\/?ref=page_internal\" \/>\n<meta property=\"article:modified_time\" content=\"2024-02-08T17:44:04+00:00\" \/>\n<meta name=\"twitter:card\" content=\"summary_large_image\" \/>\n<meta name=\"twitter:label1\" content=\"Timp estimat pentru citire\" \/>\n\t<meta name=\"twitter:data1\" content=\"5 minute\" \/>\n<script type=\"application\/ld+json\" class=\"yoast-schema-graph\">{\"@context\":\"https:\/\/schema.org\",\"@graph\":[{\"@type\":\"WebPage\",\"@id\":\"https:\/\/dsdro.ro\/donation\/\",\"url\":\"https:\/\/dsdro.ro\/donation\/\",\"name\":\"Redirec. 3,5%\/Donate - DSDRO\",\"isPartOf\":{\"@id\":\"https:\/\/dsdro.ro\/#website\"},\"datePublished\":\"2022-04-23T07:10:53+00:00\",\"dateModified\":\"2024-02-08T17:44:04+00:00\",\"breadcrumb\":{\"@id\":\"https:\/\/dsdro.ro\/donation\/#breadcrumb\"},\"inLanguage\":\"ro-RO\",\"potentialAction\":[{\"@type\":\"ReadAction\",\"target\":[\"https:\/\/dsdro.ro\/donation\/\"]}]},{\"@type\":\"BreadcrumbList\",\"@id\":\"https:\/\/dsdro.ro\/donation\/#breadcrumb\",\"itemListElement\":[{\"@type\":\"ListItem\",\"position\":1,\"name\":\"Home\",\"item\":\"https:\/\/dsdro.ro\/\"},{\"@type\":\"ListItem\",\"position\":2,\"name\":\"Redirec. 3,5%\/Donate\"}]},{\"@type\":\"WebSite\",\"@id\":\"https:\/\/dsdro.ro\/#website\",\"url\":\"https:\/\/dsdro.ro\/\",\"name\":\"DSDRO\",\"description\":\"DIPLOMACY, SECURITY AND DEFENCE RESEARCH ORGANIZATION\",\"publisher\":{\"@id\":\"https:\/\/dsdro.ro\/#organization\"},\"potentialAction\":[{\"@type\":\"SearchAction\",\"target\":{\"@type\":\"EntryPoint\",\"urlTemplate\":\"https:\/\/dsdro.ro\/?s={search_term_string}\"},\"query-input\":\"required name=search_term_string\"}],\"inLanguage\":\"ro-RO\"},{\"@type\":\"Organization\",\"@id\":\"https:\/\/dsdro.ro\/#organization\",\"name\":\"DIPLOMACY, SECURITY AND DEFENCE RESEARCH ORGANIZATION\",\"url\":\"https:\/\/dsdro.ro\/\",\"logo\":{\"@type\":\"ImageObject\",\"inLanguage\":\"ro-RO\",\"@id\":\"https:\/\/dsdro.ro\/#\/schema\/logo\/image\/\",\"url\":\"https:\/\/dsdro.ro\/wp-content\/uploads\/2022\/04\/WhatsApp_Image_2022-04-21_at_11.55.58_AM-removebg-preview-e1650628783693.png\",\"contentUrl\":\"https:\/\/dsdro.ro\/wp-content\/uploads\/2022\/04\/WhatsApp_Image_2022-04-21_at_11.55.58_AM-removebg-preview-e1650628783693.png\",\"width\":75,\"height\":75,\"caption\":\"DIPLOMACY, SECURITY AND DEFENCE RESEARCH ORGANIZATION\"},\"image\":{\"@id\":\"https:\/\/dsdro.ro\/#\/schema\/logo\/image\/\"},\"sameAs\":[\"https:\/\/www.facebook.com\/asociatiadsdro\/?ref=page_internal\"]}]}<\/script>\n<!-- \/ Yoast SEO plugin. -->","yoast_head_json":{"title":"Redirec. 3,5%\/Donate - DSDRO","robots":{"index":"index","follow":"follow","max-snippet":"max-snippet:-1","max-image-preview":"max-image-preview:large","max-video-preview":"max-video-preview:-1"},"canonical":"https:\/\/dsdro.ro\/ro\/donation\/","og_locale":"ro_RO","og_type":"article","og_title":"Redirec. 3,5%\/Donate - DSDRO","og_url":"https:\/\/dsdro.ro\/ro\/donation\/","og_site_name":"DSDRO","article_publisher":"https:\/\/www.facebook.com\/asociatiadsdro\/?ref=page_internal","article_modified_time":"2024-02-08T17:44:04+00:00","twitter_card":"summary_large_image","twitter_misc":{"Timp estimat pentru citire":"5 minute"},"schema":{"@context":"https:\/\/schema.org","@graph":[{"@type":"WebPage","@id":"https:\/\/dsdro.ro\/donation\/","url":"https:\/\/dsdro.ro\/donation\/","name":"Redirec. 3,5%\/Donate - DSDRO","isPartOf":{"@id":"https:\/\/dsdro.ro\/#website"},"datePublished":"2022-04-23T07:10:53+00:00","dateModified":"2024-02-08T17:44:04+00:00","breadcrumb":{"@id":"https:\/\/dsdro.ro\/donation\/#breadcrumb"},"inLanguage":"ro-RO","potentialAction":[{"@type":"ReadAction","target":["https:\/\/dsdro.ro\/donation\/"]}]},{"@type":"BreadcrumbList","@id":"https:\/\/dsdro.ro\/donation\/#breadcrumb","itemListElement":[{"@type":"ListItem","position":1,"name":"Home","item":"https:\/\/dsdro.ro\/"},{"@type":"ListItem","position":2,"name":"Redirec. 3,5%\/Donate"}]},{"@type":"WebSite","@id":"https:\/\/dsdro.ro\/#website","url":"https:\/\/dsdro.ro\/","name":"DSDRO","description":"DIPLOMACY, SECURITY AND DEFENCE RESEARCH ORGANIZATION","publisher":{"@id":"https:\/\/dsdro.ro\/#organization"},"potentialAction":[{"@type":"SearchAction","target":{"@type":"EntryPoint","urlTemplate":"https:\/\/dsdro.ro\/?s={search_term_string}"},"query-input":"required name=search_term_string"}],"inLanguage":"ro-RO"},{"@type":"Organization","@id":"https:\/\/dsdro.ro\/#organization","name":"DIPLOMACY, SECURITY AND DEFENCE RESEARCH ORGANIZATION","url":"https:\/\/dsdro.ro\/","logo":{"@type":"ImageObject","inLanguage":"ro-RO","@id":"https:\/\/dsdro.ro\/#\/schema\/logo\/image\/","url":"https:\/\/dsdro.ro\/wp-content\/uploads\/2022\/04\/WhatsApp_Image_2022-04-21_at_11.55.58_AM-removebg-preview-e1650628783693.png","contentUrl":"https:\/\/dsdro.ro\/wp-content\/uploads\/2022\/04\/WhatsApp_Image_2022-04-21_at_11.55.58_AM-removebg-preview-e1650628783693.png","width":75,"height":75,"caption":"DIPLOMACY, SECURITY AND DEFENCE RESEARCH ORGANIZATION"},"image":{"@id":"https:\/\/dsdro.ro\/#\/schema\/logo\/image\/"},"sameAs":["https:\/\/www.facebook.com\/asociatiadsdro\/?ref=page_internal"]}]}},"_links":{"self":[{"href":"https:\/\/dsdro.ro\/ro\/wp-json\/wp\/v2\/pages\/126","targetHints":{"allow":["GET"]}}],"collection":[{"href":"https:\/\/dsdro.ro\/ro\/wp-json\/wp\/v2\/pages"}],"about":[{"href":"https:\/\/dsdro.ro\/ro\/wp-json\/wp\/v2\/types\/page"}],"author":[{"embeddable":true,"href":"https:\/\/dsdro.ro\/ro\/wp-json\/wp\/v2\/users\/1"}],"replies":[{"embeddable":true,"href":"https:\/\/dsdro.ro\/ro\/wp-json\/wp\/v2\/comments?post=126"}],"version-history":[{"count":23,"href":"https:\/\/dsdro.ro\/ro\/wp-json\/wp\/v2\/pages\/126\/revisions"}],"predecessor-version":[{"id":1713,"href":"https:\/\/dsdro.ro\/ro\/wp-json\/wp\/v2\/pages\/126\/revisions\/1713"}],"wp:attachment":[{"href":"https:\/\/dsdro.ro\/ro\/wp-json\/wp\/v2\/media?parent=126"}],"curies":[{"name":"wp","href":"https:\/\/api.w.org\/{rel}","templated":true}]}}